{"id":3283,"date":"2015-03-16T17:18:26","date_gmt":"2015-03-16T17:18:26","guid":{"rendered":"http:\/\/demo-content.kaliumtheme.com\/photography\/?page_id=3283"},"modified":"2023-03-26T17:09:52","modified_gmt":"2023-03-26T17:09:52","slug":"work","status":"publish","type":"page","link":"https:\/\/xavitattoo.com\/tatuajes-realistas\/","title":{"rendered":"Xavi Garc\u00eda Boix &#8211; Galer\u00eda de Tatuajes Realistas"},"content":{"rendered":"<section class=\"wpb-content-wrapper\"><p>[vc_row no_bottom_margin=\u00bbyes\u00bb css=\u00bb.vc_custom_1449151666032{margin-bottom: 0px !important;padding-bottom: 0px !important;}\u00bb][vc_column][lab_text_autotype typed_text=\u00bbAqu\u00ed puedes ver algunos ejemplos de tatuajes de retratos realistas y tatuaje fotogr\u00e1fico realizados por Xavi Garc\u00eda Boix. Tattoos de calidad realizados por un experto con d\u00e9cadas de experiencia. Puedes ordenar las im\u00e1genes pinchando sobre cada una de las categor\u00edas que aparecen bajo este texto.\u00bb typed_show_options=\u00bbyes\u00bb typed_options_typespeed=\u00bb50&#8243; typed_options_backspeed=\u00bb30&#8243; typed_options_startdelay=\u00bb120&#8243; css=\u00bb.vc_custom_1679829779628{margin-bottom: 0px !important;padding-bottom: 0px !important;}\u00bb][\/vc_column][\/vc_row]<\/p>\n<\/section>","protected":false},"excerpt":{"rendered":"<p>[vc_row no_bottom_margin=\u00bbyes\u00bb css=\u00bb.vc_custom_1449151666032{margin-bottom: 0px !important;padding-bottom: 0px !important;}\u00bb][vc_column][lab_text_autotype typed_text=\u00bbAqu\u00ed puedes ver algunos ejemplos de tatuajes de retratos realistas y tatuaje fotogr\u00e1fico realizados por Xavi Garc\u00eda Boix. Tattoos de calidad realizados por un experto con d\u00e9cadas de experiencia. Puedes ordenar las im\u00e1genes pinchando sobre cada una de las categor\u00edas que aparecen bajo este texto.\u00bb typed_show_options=\u00bbyes\u00bb typed_options_typespeed=\u00bb50&#8243; typed_options_backspeed=\u00bb30&#8243;&hellip;<\/p>\n","protected":false},"author":1,"featured_media":0,"parent":0,"menu_order":0,"comment_status":"open","ping_status":"closed","template":"portfolio.php","meta":{"footnotes":""},"class_list":["post-3283","page","type-page","status-publish","hentry"],"acf":[],"yoast_head":"<!-- This site is optimized with the Yoast SEO plugin v21.1 - https:\/\/yoast.com\/wordpress\/plugins\/seo\/ -->\n<title>Galer\u00eda de Tatuajes Realistas - Xavi Garc\u00eda Boix<\/title>\n<meta name=\"description\" content=\"Galer\u00eda de trabajos realizados por el tatuador y especialista en tatuajes de retratos realistas, Xavi Garc\u00eda Boix. Tatuajes en Valencia.\" \/>\n<meta name=\"robots\" content=\"index, follow, max-snippet:-1, max-image-preview:large, max-video-preview:-1\" \/>\n<link rel=\"canonical\" href=\"https:\/\/xavitattoo.com\/tatuajes-realistas\/\" \/>\n<meta property=\"og:locale\" content=\"es_ES\" \/>\n<meta property=\"og:type\" content=\"article\" \/>\n<meta property=\"og:title\" content=\"Galer\u00eda de Tatuajes Realistas - Xavi Garc\u00eda Boix\" \/>\n<meta property=\"og:description\" content=\"Galer\u00eda de trabajos realizados por el tatuador y especialista en tatuajes de retratos realistas, Xavi Garc\u00eda Boix. Tatuajes en Valencia.\" \/>\n<meta property=\"og:url\" content=\"https:\/\/xavitattoo.com\/tatuajes-realistas\/\" \/>\n<meta property=\"og:site_name\" content=\"Xavi Garc\u00eda Boix - Galer\u00eda de Tatuajes Realistas\" \/>\n<meta property=\"article:modified_time\" content=\"2023-03-26T17:09:52+00:00\" \/>\n<meta property=\"og:image\" content=\"https:\/\/xavitattoo.com\/tatuajes-realistas\/wp-content\/uploads\/2023\/03\/xavi-garcia-boix-tattoo-retrato-realismo-tatuaje-valencia-slide-1-1920.jpg\" \/>\n\t<meta property=\"og:image:width\" content=\"1920\" \/>\n\t<meta property=\"og:image:height\" content=\"1280\" \/>\n\t<meta property=\"og:image:type\" content=\"image\/jpeg\" \/>\n<meta name=\"twitter:card\" content=\"summary_large_image\" \/>\n<meta name=\"twitter:label1\" content=\"Tiempo de lectura\" \/>\n\t<meta name=\"twitter:data1\" content=\"1 minuto\" \/>\n<script type=\"application\/ld+json\" class=\"yoast-schema-graph\">{\"@context\":\"https:\/\/schema.org\",\"@graph\":[{\"@type\":\"WebPage\",\"@id\":\"https:\/\/xavitattoo.com\/tatuajes-realistas\/\",\"url\":\"https:\/\/xavitattoo.com\/tatuajes-realistas\/\",\"name\":\"Galer\u00eda de Tatuajes Realistas - Xavi Garc\u00eda Boix\",\"isPartOf\":{\"@id\":\"https:\/\/xavitattoo.com\/tatuajes-realistas\/#website\"},\"datePublished\":\"2015-03-16T17:18:26+00:00\",\"dateModified\":\"2023-03-26T17:09:52+00:00\",\"description\":\"Galer\u00eda de trabajos realizados por el tatuador y especialista en tatuajes de retratos realistas, Xavi Garc\u00eda Boix. Tatuajes en Valencia.\",\"breadcrumb\":{\"@id\":\"https:\/\/xavitattoo.com\/tatuajes-realistas\/#breadcrumb\"},\"inLanguage\":\"es\",\"potentialAction\":[{\"@type\":\"ReadAction\",\"target\":[\"https:\/\/xavitattoo.com\/tatuajes-realistas\/\"]}]},{\"@type\":\"BreadcrumbList\",\"@id\":\"https:\/\/xavitattoo.com\/tatuajes-realistas\/#breadcrumb\",\"itemListElement\":[{\"@type\":\"ListItem\",\"position\":1,\"name\":\"Inicio\",\"item\":\"https:\/\/xavitattoo.com\/tatuajes-realistas\/\"},{\"@type\":\"ListItem\",\"position\":2,\"name\":\"Xavi Garc\u00eda Boix &#8211; Galer\u00eda de Tatuajes Realistas\"}]},{\"@type\":\"WebSite\",\"@id\":\"https:\/\/xavitattoo.com\/tatuajes-realistas\/#website\",\"url\":\"https:\/\/xavitattoo.com\/tatuajes-realistas\/\",\"name\":\"Xavi Garc\u00eda Boix - Galer\u00eda de Tatuajes Realistas\",\"description\":\"Trabajos realizados por Xavi Garc\u00eda Boix - Tatuajes realistas en Valencia\",\"alternateName\":\"XAVITATTOO\",\"potentialAction\":[{\"@type\":\"SearchAction\",\"target\":{\"@type\":\"EntryPoint\",\"urlTemplate\":\"https:\/\/xavitattoo.com\/tatuajes-realistas\/?s={search_term_string}\"},\"query-input\":\"required name=search_term_string\"}],\"inLanguage\":\"es\"}]}<\/script>\n<!-- \/ Yoast SEO plugin. -->","yoast_head_json":{"title":"Galer\u00eda de Tatuajes Realistas - Xavi Garc\u00eda Boix","description":"Galer\u00eda de trabajos realizados por el tatuador y especialista en tatuajes de retratos realistas, Xavi Garc\u00eda Boix. Tatuajes en Valencia.","robots":{"index":"index","follow":"follow","max-snippet":"max-snippet:-1","max-image-preview":"max-image-preview:large","max-video-preview":"max-video-preview:-1"},"canonical":"https:\/\/xavitattoo.com\/tatuajes-realistas\/","og_locale":"es_ES","og_type":"article","og_title":"Galer\u00eda de Tatuajes Realistas - Xavi Garc\u00eda Boix","og_description":"Galer\u00eda de trabajos realizados por el tatuador y especialista en tatuajes de retratos realistas, Xavi Garc\u00eda Boix. Tatuajes en Valencia.","og_url":"https:\/\/xavitattoo.com\/tatuajes-realistas\/","og_site_name":"Xavi Garc\u00eda Boix - Galer\u00eda de Tatuajes Realistas","article_modified_time":"2023-03-26T17:09:52+00:00","og_image":[{"width":1920,"height":1280,"url":"https:\/\/xavitattoo.com\/tatuajes-realistas\/wp-content\/uploads\/2023\/03\/xavi-garcia-boix-tattoo-retrato-realismo-tatuaje-valencia-slide-1-1920.jpg","type":"image\/jpeg"}],"twitter_card":"summary_large_image","twitter_misc":{"Tiempo de lectura":"1 minuto"},"schema":{"@context":"https:\/\/schema.org","@graph":[{"@type":"WebPage","@id":"https:\/\/xavitattoo.com\/tatuajes-realistas\/","url":"https:\/\/xavitattoo.com\/tatuajes-realistas\/","name":"Galer\u00eda de Tatuajes Realistas - Xavi Garc\u00eda Boix","isPartOf":{"@id":"https:\/\/xavitattoo.com\/tatuajes-realistas\/#website"},"datePublished":"2015-03-16T17:18:26+00:00","dateModified":"2023-03-26T17:09:52+00:00","description":"Galer\u00eda de trabajos realizados por el tatuador y especialista en tatuajes de retratos realistas, Xavi Garc\u00eda Boix. Tatuajes en Valencia.","breadcrumb":{"@id":"https:\/\/xavitattoo.com\/tatuajes-realistas\/#breadcrumb"},"inLanguage":"es","potentialAction":[{"@type":"ReadAction","target":["https:\/\/xavitattoo.com\/tatuajes-realistas\/"]}]},{"@type":"BreadcrumbList","@id":"https:\/\/xavitattoo.com\/tatuajes-realistas\/#breadcrumb","itemListElement":[{"@type":"ListItem","position":1,"name":"Inicio","item":"https:\/\/xavitattoo.com\/tatuajes-realistas\/"},{"@type":"ListItem","position":2,"name":"Xavi Garc\u00eda Boix &#8211; Galer\u00eda de Tatuajes Realistas"}]},{"@type":"WebSite","@id":"https:\/\/xavitattoo.com\/tatuajes-realistas\/#website","url":"https:\/\/xavitattoo.com\/tatuajes-realistas\/","name":"Xavi Garc\u00eda Boix - Galer\u00eda de Tatuajes Realistas","description":"Trabajos realizados por Xavi Garc\u00eda Boix - Tatuajes realistas en Valencia","alternateName":"XAVITATTOO","potentialAction":[{"@type":"SearchAction","target":{"@type":"EntryPoint","urlTemplate":"https:\/\/xavitattoo.com\/tatuajes-realistas\/?s={search_term_string}"},"query-input":"required name=search_term_string"}],"inLanguage":"es"}]}},"_links":{"self":[{"href":"https:\/\/xavitattoo.com\/tatuajes-realistas\/wp-json\/wp\/v2\/pages\/3283","targetHints":{"allow":["GET"]}}],"collection":[{"href":"https:\/\/xavitattoo.com\/tatuajes-realistas\/wp-json\/wp\/v2\/pages"}],"about":[{"href":"https:\/\/xavitattoo.com\/tatuajes-realistas\/wp-json\/wp\/v2\/types\/page"}],"author":[{"embeddable":true,"href":"https:\/\/xavitattoo.com\/tatuajes-realistas\/wp-json\/wp\/v2\/users\/1"}],"replies":[{"embeddable":true,"href":"https:\/\/xavitattoo.com\/tatuajes-realistas\/wp-json\/wp\/v2\/comments?post=3283"}],"version-history":[{"count":5,"href":"https:\/\/xavitattoo.com\/tatuajes-realistas\/wp-json\/wp\/v2\/pages\/3283\/revisions"}],"predecessor-version":[{"id":4166,"href":"https:\/\/xavitattoo.com\/tatuajes-realistas\/wp-json\/wp\/v2\/pages\/3283\/revisions\/4166"}],"wp:attachment":[{"href":"https:\/\/xavitattoo.com\/tatuajes-realistas\/wp-json\/wp\/v2\/media?parent=3283"}],"curies":[{"name":"wp","href":"https:\/\/api.w.org\/{rel}","templated":true}]}}